{"id":9,"date":"2025-11-24T19:00:19","date_gmt":"2025-11-24T19:00:19","guid":{"rendered":"https:\/\/shampooyolli.com\/?page_id=9"},"modified":"2025-11-25T02:36:34","modified_gmt":"2025-11-25T02:36:34","slug":"home","status":"publish","type":"page","link":"https:\/\/shampooyolli.com\/","title":{"rendered":"Shampoo Yolli \u2013 Belleza Natural para tu Cabello"},"content":{"rendered":"\n<p>Descubre <strong>Shampoo Yolli<\/strong>, un producto <strong>100% artesanal<\/strong>, elaborado con dedicaci\u00f3n por manos queretanas. Su f\u00f3rmula natural combina ingredientes tradicionales como <strong>romero, sangregado y s\u00e1bila<\/strong>, reconocidos por sus propiedades reconstituyentes y revitalizantes.<\/p>\n\n\n\n<p>\u2714 <strong>Nutre y fortalece tu cabello<\/strong><br>\u2714 <strong>Libre de qu\u00edmicos agresivos<\/strong><br>\u2714 <strong>Hecho con amor y respeto por la naturaleza<\/strong><\/p>\n\n\n\n<p><strong>\u00a1Pru\u00e9balo y enam\u00f3rate!<\/strong> Una vez que lo uses, querr\u00e1s que sea parte de tu rutina diaria.<\/p>\n","protected":false},"excerpt":{"rendered":"<p>Descubre Shampoo Yolli, un producto 100% artesanal, elaborado con dedicaci\u00f3n por manos queretanas. Su f\u00f3rmula natural combina ingredientes tradicionales como romero, sangregado y s\u00e1bila, reconocidos por sus propiedades reconstituyentes y revitalizantes. \u2714 Nutre y fortalece tu cabello\u2714 Libre de qu\u00edmicos agresivos\u2714 Hecho con amor y respeto por la naturaleza \u00a1Pru\u00e9balo y enam\u00f3rate! Una vez que &hellip; <\/p>\n<p class=\"link-more\"><a href=\"https:\/\/shampooyolli.com\/\" class=\"more-link\">Continuar leyendo<span class=\"screen-reader-text\"> &#8220;Shampoo Yolli \u2013 Belleza Natural para tu Cabello&#8221;<\/span><\/a><\/p>\n","protected":false},"author":1,"featured_media":0,"parent":0,"menu_order":0,"comment_status":"closed","ping_status":"closed","template":"","meta":{"footnotes":""},"class_list":["post-9","page","type-page","status-publish","hentry"],"yoast_head":"<!-- This site is optimized with the Yoast SEO plugin v26.3 - https:\/\/yoast.com\/wordpress\/plugins\/seo\/ -->\n<title>Shampoo Yolli \u2013 Belleza Natural para tu Cabello - Shampoo Yolli<\/title>\n<meta name=\"robots\" content=\"index, follow, max-snippet:-1, max-image-preview:large, max-video-preview:-1\" \/>\n<link rel=\"canonical\" href=\"http:\/\/shampooyolli.com\/\" \/>\n<meta property=\"og:locale\" content=\"es_MX\" \/>\n<meta property=\"og:type\" content=\"article\" \/>\n<meta property=\"og:title\" content=\"Shampoo Yolli \u2013 Belleza Natural para tu Cabello - Shampoo Yolli\" \/>\n<meta property=\"og:description\" content=\"Descubre Shampoo Yolli, un producto 100% artesanal, elaborado con dedicaci\u00f3n por manos queretanas. Su f\u00f3rmula natural combina ingredientes tradicionales como romero, sangregado y s\u00e1bila, reconocidos por sus propiedades reconstituyentes y revitalizantes. \u2714 Nutre y fortalece tu cabello\u2714 Libre de qu\u00edmicos agresivos\u2714 Hecho con amor y respeto por la naturaleza \u00a1Pru\u00e9balo y enam\u00f3rate! Una vez que &hellip; Continuar leyendo &quot;Shampoo Yolli \u2013 Belleza Natural para tu Cabello&quot;\" \/>\n<meta property=\"og:url\" content=\"http:\/\/shampooyolli.com\/\" \/>\n<meta property=\"og:site_name\" content=\"Shampoo Yolli\" \/>\n<meta property=\"article:modified_time\" content=\"2025-11-25T02:36:34+00:00\" \/>\n<meta name=\"twitter:card\" content=\"summary_large_image\" \/>\n<meta name=\"twitter:label1\" content=\"Tiempo de lectura\" \/>\n\t<meta name=\"twitter:data1\" content=\"1 minuto\" \/>\n<script type=\"application\/ld+json\" class=\"yoast-schema-graph\">{\"@context\":\"https:\/\/schema.org\",\"@graph\":[{\"@type\":\"WebPage\",\"@id\":\"http:\/\/shampooyolli.com\/\",\"url\":\"http:\/\/shampooyolli.com\/\",\"name\":\"Shampoo Yolli \u2013 Belleza Natural para tu Cabello - Shampoo Yolli\",\"isPartOf\":{\"@id\":\"http:\/\/shampooyolli.com\/#website\"},\"datePublished\":\"2025-11-24T19:00:19+00:00\",\"dateModified\":\"2025-11-25T02:36:34+00:00\",\"breadcrumb\":{\"@id\":\"http:\/\/shampooyolli.com\/#breadcrumb\"},\"inLanguage\":\"es\",\"potentialAction\":[{\"@type\":\"ReadAction\",\"target\":[\"http:\/\/shampooyolli.com\/\"]}]},{\"@type\":\"BreadcrumbList\",\"@id\":\"http:\/\/shampooyolli.com\/#breadcrumb\",\"itemListElement\":[{\"@type\":\"ListItem\",\"position\":1,\"name\":\"Home\",\"item\":\"http:\/\/shampooyolli.com\/\"},{\"@type\":\"ListItem\",\"position\":2,\"name\":\"Shampoo Yolli \u2013 Belleza Natural para tu Cabello\"}]},{\"@type\":\"WebSite\",\"@id\":\"http:\/\/shampooyolli.com\/#website\",\"url\":\"http:\/\/shampooyolli.com\/\",\"name\":\"Shampoo Yolli\",\"description\":\"Shampoo para fortalecimiento capilar, elaborado artesanalmente con ingredientes naturales.\",\"publisher\":{\"@id\":\"http:\/\/shampooyolli.com\/#organization\"},\"potentialAction\":[{\"@type\":\"SearchAction\",\"target\":{\"@type\":\"EntryPoint\",\"urlTemplate\":\"http:\/\/shampooyolli.com\/?s={search_term_string}\"},\"query-input\":{\"@type\":\"PropertyValueSpecification\",\"valueRequired\":true,\"valueName\":\"search_term_string\"}}],\"inLanguage\":\"es\"},{\"@type\":\"Organization\",\"@id\":\"http:\/\/shampooyolli.com\/#organization\",\"name\":\"Shampoo Yolli\",\"url\":\"http:\/\/shampooyolli.com\/\",\"logo\":{\"@type\":\"ImageObject\",\"inLanguage\":\"es\",\"@id\":\"http:\/\/shampooyolli.com\/#\/schema\/logo\/image\/\",\"url\":\"https:\/\/shampooyolli.com\/wp-content\/uploads\/2025\/11\/cropped-logo512x512-1-1.jpg\",\"contentUrl\":\"https:\/\/shampooyolli.com\/wp-content\/uploads\/2025\/11\/cropped-logo512x512-1-1.jpg\",\"width\":250,\"height\":250,\"caption\":\"Shampoo Yolli\"},\"image\":{\"@id\":\"http:\/\/shampooyolli.com\/#\/schema\/logo\/image\/\"}}]}<\/script>\n<!-- \/ Yoast SEO plugin. -->","yoast_head_json":{"title":"Shampoo Yolli \u2013 Belleza Natural para tu Cabello - Shampoo Yolli","robots":{"index":"index","follow":"follow","max-snippet":"max-snippet:-1","max-image-preview":"max-image-preview:large","max-video-preview":"max-video-preview:-1"},"canonical":"http:\/\/shampooyolli.com\/","og_locale":"es_MX","og_type":"article","og_title":"Shampoo Yolli \u2013 Belleza Natural para tu Cabello - Shampoo Yolli","og_description":"Descubre Shampoo Yolli, un producto 100% artesanal, elaborado con dedicaci\u00f3n por manos queretanas. Su f\u00f3rmula natural combina ingredientes tradicionales como romero, sangregado y s\u00e1bila, reconocidos por sus propiedades reconstituyentes y revitalizantes. \u2714 Nutre y fortalece tu cabello\u2714 Libre de qu\u00edmicos agresivos\u2714 Hecho con amor y respeto por la naturaleza \u00a1Pru\u00e9balo y enam\u00f3rate! Una vez que &hellip; Continuar leyendo \"Shampoo Yolli \u2013 Belleza Natural para tu Cabello\"","og_url":"http:\/\/shampooyolli.com\/","og_site_name":"Shampoo Yolli","article_modified_time":"2025-11-25T02:36:34+00:00","twitter_card":"summary_large_image","twitter_misc":{"Tiempo de lectura":"1 minuto"},"schema":{"@context":"https:\/\/schema.org","@graph":[{"@type":"WebPage","@id":"http:\/\/shampooyolli.com\/","url":"http:\/\/shampooyolli.com\/","name":"Shampoo Yolli \u2013 Belleza Natural para tu Cabello - Shampoo Yolli","isPartOf":{"@id":"http:\/\/shampooyolli.com\/#website"},"datePublished":"2025-11-24T19:00:19+00:00","dateModified":"2025-11-25T02:36:34+00:00","breadcrumb":{"@id":"http:\/\/shampooyolli.com\/#breadcrumb"},"inLanguage":"es","potentialAction":[{"@type":"ReadAction","target":["http:\/\/shampooyolli.com\/"]}]},{"@type":"BreadcrumbList","@id":"http:\/\/shampooyolli.com\/#breadcrumb","itemListElement":[{"@type":"ListItem","position":1,"name":"Home","item":"http:\/\/shampooyolli.com\/"},{"@type":"ListItem","position":2,"name":"Shampoo Yolli \u2013 Belleza Natural para tu Cabello"}]},{"@type":"WebSite","@id":"http:\/\/shampooyolli.com\/#website","url":"http:\/\/shampooyolli.com\/","name":"Shampoo Yolli","description":"Shampoo para fortalecimiento capilar, elaborado artesanalmente con ingredientes naturales.","publisher":{"@id":"http:\/\/shampooyolli.com\/#organization"},"potentialAction":[{"@type":"SearchAction","target":{"@type":"EntryPoint","urlTemplate":"http:\/\/shampooyolli.com\/?s={search_term_string}"},"query-input":{"@type":"PropertyValueSpecification","valueRequired":true,"valueName":"search_term_string"}}],"inLanguage":"es"},{"@type":"Organization","@id":"http:\/\/shampooyolli.com\/#organization","name":"Shampoo Yolli","url":"http:\/\/shampooyolli.com\/","logo":{"@type":"ImageObject","inLanguage":"es","@id":"http:\/\/shampooyolli.com\/#\/schema\/logo\/image\/","url":"https:\/\/shampooyolli.com\/wp-content\/uploads\/2025\/11\/cropped-logo512x512-1-1.jpg","contentUrl":"https:\/\/shampooyolli.com\/wp-content\/uploads\/2025\/11\/cropped-logo512x512-1-1.jpg","width":250,"height":250,"caption":"Shampoo Yolli"},"image":{"@id":"http:\/\/shampooyolli.com\/#\/schema\/logo\/image\/"}}]}},"brizy_media":[],"_links":{"self":[{"href":"https:\/\/shampooyolli.com\/index.php?rest_route=\/wp\/v2\/pages\/9","targetHints":{"allow":["GET"]}}],"collection":[{"href":"https:\/\/shampooyolli.com\/index.php?rest_route=\/wp\/v2\/pages"}],"about":[{"href":"https:\/\/shampooyolli.com\/index.php?rest_route=\/wp\/v2\/types\/page"}],"author":[{"embeddable":true,"href":"https:\/\/shampooyolli.com\/index.php?rest_route=\/wp\/v2\/users\/1"}],"replies":[{"embeddable":true,"href":"https:\/\/shampooyolli.com\/index.php?rest_route=%2Fwp%2Fv2%2Fcomments&post=9"}],"version-history":[{"count":3,"href":"https:\/\/shampooyolli.com\/index.php?rest_route=\/wp\/v2\/pages\/9\/revisions"}],"predecessor-version":[{"id":70,"href":"https:\/\/shampooyolli.com\/index.php?rest_route=\/wp\/v2\/pages\/9\/revisions\/70"}],"wp:attachment":[{"href":"https:\/\/shampooyolli.com\/index.php?rest_route=%2Fwp%2Fv2%2Fmedia&parent=9"}],"curies":[{"name":"wp","href":"https:\/\/api.w.org\/{rel}","templated":true}]}}