{"id":65,"date":"2025-11-25T02:23:36","date_gmt":"2025-11-25T02:23:36","guid":{"rendered":"https:\/\/shampooyolli.com\/?page_id=65"},"modified":"2025-11-25T18:49:47","modified_gmt":"2025-11-25T18:49:47","slug":"donde-comprar","status":"publish","type":"page","link":"https:\/\/shampooyolli.com\/?page_id=65","title":{"rendered":"D\u00f3nde comprar"},"content":{"rendered":"\n<p>Nuestro shampoo reconstituyente ya forma parte de muchos negocios locales que creen en lo natural y en los resultados reales.<\/p>\n\n\n\n<p>De barber\u00edas a est\u00e9ticas, de tiendas naturistas a ferreter\u00edas con historia \u2014 todos conf\u00edan en Yolli\u00ae<\/p>\n\n\n\n<p><img loading=\"lazy\" decoding=\"async\" height=\"16\" width=\"16\" alt=\"\ud83d\udc9a\" src=\"https:\/\/static.xx.fbcdn.net\/images\/emoji.php\/v9\/t94\/1\/16\/1f49a.png\"> E<a><\/a>stos son algunos de los lugares donde puedes encontrar Yolli Shampoo Reconstituyente:<\/p>\n\n\n\n<p><img loading=\"lazy\" decoding=\"async\" height=\"16\" width=\"16\" alt=\"\ud83d\udccd\" src=\"https:\/\/static.xx.fbcdn.net\/images\/emoji.php\/v9\/t2d\/1\/16\/1f4cd.png\"> CDMX<\/p>\n\n\n\n<p>\u2022 The Hair Lounge \u2013 Calle 15 #118, Progreso Nacional, Gustavo A. Madero<\/p>\n\n\n\n<p><img loading=\"lazy\" decoding=\"async\" height=\"16\" width=\"16\" alt=\"\ud83d\udccd\" src=\"https:\/\/static.xx.fbcdn.net\/images\/emoji.php\/v9\/t2d\/1\/16\/1f4cd.png\"> Quer\u00e9taro Centro<\/p>\n\n\n\n<p>\u2022 Calza Com \u2013 Ezequiel Montes Nte. 33, Local 9-B<\/p>\n\n\n\n<p>\u2022 Distribuidora Niza \u2013 Ju\u00e1rez Sur N. 60 Int. 1<\/p>\n\n\n\n<p>\u2022 Ferreter\u00eda El Mago \u2013 Av. San Roque 49, Col. Fresnos<\/p>\n\n\n\n<p>\u2022 Farmacia San Jorge \u2013 G. N\u00e1jera 60, Mercado \u201cLa Cruz\u201d<\/p>\n\n\n\n<p>\u2022 Molino La Cruz \u2013 A un costado del Mercado La Cruz<\/p>\n\n\n\n<p>\u2022 Temazcal Caracol \u2013 Morelos 76, Centro<\/p>\n\n\n\n<p><img loading=\"lazy\" decoding=\"async\" height=\"16\" width=\"16\" alt=\"\ud83d\udccd\" src=\"https:\/\/static.xx.fbcdn.net\/images\/emoji.php\/v9\/t2d\/1\/16\/1f4cd.png\"> Mercado El Tepe y alrededores<\/p>\n\n\n\n<p>\u2022 Molino del Tepe \u2013 A un costado del mercado<\/p>\n\n\n\n<p>\u2022 Narda \u2013 Local 7 interior Mercado del Tepe<\/p>\n\n\n\n<p>\u2022 Fruter\u00eda El Zamorano \u2013 Diamante 6<\/p>\n\n\n\n<p>\u2022 Maxi-Casa \u2013 Jim\u00e9nez 10, Col. Lindavista<\/p>\n\n\n\n<p>\u2022 Frutas Finas El Chileno \u2013 Nave J1, Central de Abastos<\/p>\n\n\n\n<p><img loading=\"lazy\" decoding=\"async\" height=\"16\" width=\"16\" alt=\"\ud83d\udccd\" src=\"https:\/\/static.xx.fbcdn.net\/images\/emoji.php\/v9\/t2d\/1\/16\/1f4cd.png\"> Otros puntos en Qro.<\/p>\n\n\n\n<p>\u2022 Miscel\u00e1nea La Estrella \u2013 Av. 20 de Noviembre 6 Pte., Santa Rosa J\u00e1uregui<\/p>\n\n\n\n<p>\u2022 Papeler\u00eda Internet \u2013 Av. Colinas del Cimatario 2, Loc. 9<\/p>\n\n\n\n<p>\u2022 Miscel\u00e1nea \u201cVero\u201d \u2013 Corregidora 202-D, Central de Abastos<\/p>\n\n\n\n<p>\u2022 Est\u00e9tica Dany \u2013 Ezequiel Montes 16, Col. Centro<\/p>\n\n\n\n<p>\u2022 Est\u00e9tica Silvia \u2013 Estilo 26, Col. Las Rosas<\/p>\n\n\n\n<p><img loading=\"lazy\" decoding=\"async\" height=\"16\" width=\"16\" src=\"https:\/\/static.xx.fbcdn.net\/images\/emoji.php\/v9\/tf4\/1\/16\/2728.png\" alt=\"\u2728\"> Hecho en Quer\u00e9taro.<\/p>\n\n\n\n<p><\/p>\n\n\n\n<p><\/p>\n\n\n\n<p><\/p>\n\n\n\n<p><\/p>\n","protected":false},"excerpt":{"rendered":"<p>Nuestro shampoo reconstituyente ya forma parte de muchos negocios locales que creen en lo natural y en los resultados reales. De barber\u00edas a est\u00e9ticas, de tiendas naturistas a ferreter\u00edas con historia \u2014 todos conf\u00edan en Yolli\u00ae Estos son algunos de los lugares donde puedes encontrar Yolli Shampoo Reconstituyente: CDMX \u2022 The Hair Lounge \u2013 Calle &hellip; <\/p>\n<p class=\"link-more\"><a href=\"https:\/\/shampooyolli.com\/?page_id=65\" class=\"more-link\">Continuar leyendo<span class=\"screen-reader-text\"> &#8220;D\u00f3nde comprar&#8221;<\/span><\/a><\/p>\n","protected":false},"author":1,"featured_media":0,"parent":9,"menu_order":0,"comment_status":"closed","ping_status":"closed","template":"","meta":{"footnotes":""},"class_list":["post-65","page","type-page","status-publish","hentry"],"yoast_head":"<!-- This site is optimized with the Yoast SEO plugin v26.3 - https:\/\/yoast.com\/wordpress\/plugins\/seo\/ -->\n<title>D\u00f3nde comprar - Shampoo Yolli<\/title>\n<meta name=\"robots\" content=\"index, follow, max-snippet:-1, max-image-preview:large, max-video-preview:-1\" \/>\n<link rel=\"canonical\" href=\"https:\/\/shampooyolli.com\/?page_id=65\" \/>\n<meta property=\"og:locale\" content=\"es_MX\" \/>\n<meta property=\"og:type\" content=\"article\" \/>\n<meta property=\"og:title\" content=\"D\u00f3nde comprar - Shampoo Yolli\" \/>\n<meta property=\"og:description\" content=\"Nuestro shampoo reconstituyente ya forma parte de muchos negocios locales que creen en lo natural y en los resultados reales. De barber\u00edas a est\u00e9ticas, de tiendas naturistas a ferreter\u00edas con historia \u2014 todos conf\u00edan en Yolli\u00ae Estos son algunos de los lugares donde puedes encontrar Yolli Shampoo Reconstituyente: CDMX \u2022 The Hair Lounge \u2013 Calle &hellip; Continuar leyendo &quot;D\u00f3nde comprar&quot;\" \/>\n<meta property=\"og:url\" content=\"https:\/\/shampooyolli.com\/?page_id=65\" \/>\n<meta property=\"og:site_name\" content=\"Shampoo Yolli\" \/>\n<meta property=\"article:modified_time\" content=\"2025-11-25T18:49:47+00:00\" \/>\n<meta property=\"og:image\" content=\"https:\/\/static.xx.fbcdn.net\/images\/emoji.php\/v9\/t94\/1\/16\/1f49a.png\" \/>\n<meta name=\"twitter:card\" content=\"summary_large_image\" \/>\n<meta name=\"twitter:label1\" content=\"Tiempo de lectura\" \/>\n\t<meta name=\"twitter:data1\" content=\"3 minutos\" \/>\n<script type=\"application\/ld+json\" class=\"yoast-schema-graph\">{\"@context\":\"https:\/\/schema.org\",\"@graph\":[{\"@type\":\"WebPage\",\"@id\":\"https:\/\/shampooyolli.com\/?page_id=65\",\"url\":\"https:\/\/shampooyolli.com\/?page_id=65\",\"name\":\"D\u00f3nde comprar - Shampoo Yolli\",\"isPartOf\":{\"@id\":\"http:\/\/shampooyolli.com\/#website\"},\"primaryImageOfPage\":{\"@id\":\"https:\/\/shampooyolli.com\/?page_id=65#primaryimage\"},\"image\":{\"@id\":\"https:\/\/shampooyolli.com\/?page_id=65#primaryimage\"},\"thumbnailUrl\":\"https:\/\/static.xx.fbcdn.net\/images\/emoji.php\/v9\/t94\/1\/16\/1f49a.png\",\"datePublished\":\"2025-11-25T02:23:36+00:00\",\"dateModified\":\"2025-11-25T18:49:47+00:00\",\"breadcrumb\":{\"@id\":\"https:\/\/shampooyolli.com\/?page_id=65#breadcrumb\"},\"inLanguage\":\"es\",\"potentialAction\":[{\"@type\":\"ReadAction\",\"target\":[\"https:\/\/shampooyolli.com\/?page_id=65\"]}]},{\"@type\":\"ImageObject\",\"inLanguage\":\"es\",\"@id\":\"https:\/\/shampooyolli.com\/?page_id=65#primaryimage\",\"url\":\"https:\/\/static.xx.fbcdn.net\/images\/emoji.php\/v9\/t94\/1\/16\/1f49a.png\",\"contentUrl\":\"https:\/\/static.xx.fbcdn.net\/images\/emoji.php\/v9\/t94\/1\/16\/1f49a.png\"},{\"@type\":\"BreadcrumbList\",\"@id\":\"https:\/\/shampooyolli.com\/?page_id=65#breadcrumb\",\"itemListElement\":[{\"@type\":\"ListItem\",\"position\":1,\"name\":\"Home\",\"item\":\"http:\/\/shampooyolli.com\/\"},{\"@type\":\"ListItem\",\"position\":2,\"name\":\"Shampoo Yolli \u2013 Belleza Natural para tu Cabello\",\"item\":\"http:\/\/shampooyolli.com\/\"},{\"@type\":\"ListItem\",\"position\":3,\"name\":\"D\u00f3nde comprar\"}]},{\"@type\":\"WebSite\",\"@id\":\"http:\/\/shampooyolli.com\/#website\",\"url\":\"http:\/\/shampooyolli.com\/\",\"name\":\"Shampoo Yolli\",\"description\":\"Shampoo para fortalecimiento capilar, elaborado artesanalmente con ingredientes naturales.\",\"publisher\":{\"@id\":\"http:\/\/shampooyolli.com\/#organization\"},\"potentialAction\":[{\"@type\":\"SearchAction\",\"target\":{\"@type\":\"EntryPoint\",\"urlTemplate\":\"http:\/\/shampooyolli.com\/?s={search_term_string}\"},\"query-input\":{\"@type\":\"PropertyValueSpecification\",\"valueRequired\":true,\"valueName\":\"search_term_string\"}}],\"inLanguage\":\"es\"},{\"@type\":\"Organization\",\"@id\":\"http:\/\/shampooyolli.com\/#organization\",\"name\":\"Shampoo Yolli\",\"url\":\"http:\/\/shampooyolli.com\/\",\"logo\":{\"@type\":\"ImageObject\",\"inLanguage\":\"es\",\"@id\":\"http:\/\/shampooyolli.com\/#\/schema\/logo\/image\/\",\"url\":\"https:\/\/shampooyolli.com\/wp-content\/uploads\/2025\/11\/cropped-logo512x512-1-1.jpg\",\"contentUrl\":\"https:\/\/shampooyolli.com\/wp-content\/uploads\/2025\/11\/cropped-logo512x512-1-1.jpg\",\"width\":250,\"height\":250,\"caption\":\"Shampoo Yolli\"},\"image\":{\"@id\":\"http:\/\/shampooyolli.com\/#\/schema\/logo\/image\/\"}}]}<\/script>\n<!-- \/ Yoast SEO plugin. -->","yoast_head_json":{"title":"D\u00f3nde comprar - Shampoo Yolli","robots":{"index":"index","follow":"follow","max-snippet":"max-snippet:-1","max-image-preview":"max-image-preview:large","max-video-preview":"max-video-preview:-1"},"canonical":"https:\/\/shampooyolli.com\/?page_id=65","og_locale":"es_MX","og_type":"article","og_title":"D\u00f3nde comprar - Shampoo Yolli","og_description":"Nuestro shampoo reconstituyente ya forma parte de muchos negocios locales que creen en lo natural y en los resultados reales. De barber\u00edas a est\u00e9ticas, de tiendas naturistas a ferreter\u00edas con historia \u2014 todos conf\u00edan en Yolli\u00ae Estos son algunos de los lugares donde puedes encontrar Yolli Shampoo Reconstituyente: CDMX \u2022 The Hair Lounge \u2013 Calle &hellip; Continuar leyendo \"D\u00f3nde comprar\"","og_url":"https:\/\/shampooyolli.com\/?page_id=65","og_site_name":"Shampoo Yolli","article_modified_time":"2025-11-25T18:49:47+00:00","og_image":[{"url":"https:\/\/static.xx.fbcdn.net\/images\/emoji.php\/v9\/t94\/1\/16\/1f49a.png","type":"","width":"","height":""}],"twitter_card":"summary_large_image","twitter_misc":{"Tiempo de lectura":"3 minutos"},"schema":{"@context":"https:\/\/schema.org","@graph":[{"@type":"WebPage","@id":"https:\/\/shampooyolli.com\/?page_id=65","url":"https:\/\/shampooyolli.com\/?page_id=65","name":"D\u00f3nde comprar - Shampoo Yolli","isPartOf":{"@id":"http:\/\/shampooyolli.com\/#website"},"primaryImageOfPage":{"@id":"https:\/\/shampooyolli.com\/?page_id=65#primaryimage"},"image":{"@id":"https:\/\/shampooyolli.com\/?page_id=65#primaryimage"},"thumbnailUrl":"https:\/\/static.xx.fbcdn.net\/images\/emoji.php\/v9\/t94\/1\/16\/1f49a.png","datePublished":"2025-11-25T02:23:36+00:00","dateModified":"2025-11-25T18:49:47+00:00","breadcrumb":{"@id":"https:\/\/shampooyolli.com\/?page_id=65#breadcrumb"},"inLanguage":"es","potentialAction":[{"@type":"ReadAction","target":["https:\/\/shampooyolli.com\/?page_id=65"]}]},{"@type":"ImageObject","inLanguage":"es","@id":"https:\/\/shampooyolli.com\/?page_id=65#primaryimage","url":"https:\/\/static.xx.fbcdn.net\/images\/emoji.php\/v9\/t94\/1\/16\/1f49a.png","contentUrl":"https:\/\/static.xx.fbcdn.net\/images\/emoji.php\/v9\/t94\/1\/16\/1f49a.png"},{"@type":"BreadcrumbList","@id":"https:\/\/shampooyolli.com\/?page_id=65#breadcrumb","itemListElement":[{"@type":"ListItem","position":1,"name":"Home","item":"http:\/\/shampooyolli.com\/"},{"@type":"ListItem","position":2,"name":"Shampoo Yolli \u2013 Belleza Natural para tu Cabello","item":"http:\/\/shampooyolli.com\/"},{"@type":"ListItem","position":3,"name":"D\u00f3nde comprar"}]},{"@type":"WebSite","@id":"http:\/\/shampooyolli.com\/#website","url":"http:\/\/shampooyolli.com\/","name":"Shampoo Yolli","description":"Shampoo para fortalecimiento capilar, elaborado artesanalmente con ingredientes naturales.","publisher":{"@id":"http:\/\/shampooyolli.com\/#organization"},"potentialAction":[{"@type":"SearchAction","target":{"@type":"EntryPoint","urlTemplate":"http:\/\/shampooyolli.com\/?s={search_term_string}"},"query-input":{"@type":"PropertyValueSpecification","valueRequired":true,"valueName":"search_term_string"}}],"inLanguage":"es"},{"@type":"Organization","@id":"http:\/\/shampooyolli.com\/#organization","name":"Shampoo Yolli","url":"http:\/\/shampooyolli.com\/","logo":{"@type":"ImageObject","inLanguage":"es","@id":"http:\/\/shampooyolli.com\/#\/schema\/logo\/image\/","url":"https:\/\/shampooyolli.com\/wp-content\/uploads\/2025\/11\/cropped-logo512x512-1-1.jpg","contentUrl":"https:\/\/shampooyolli.com\/wp-content\/uploads\/2025\/11\/cropped-logo512x512-1-1.jpg","width":250,"height":250,"caption":"Shampoo Yolli"},"image":{"@id":"http:\/\/shampooyolli.com\/#\/schema\/logo\/image\/"}}]}},"brizy_media":[],"_links":{"self":[{"href":"https:\/\/shampooyolli.com\/index.php?rest_route=\/wp\/v2\/pages\/65","targetHints":{"allow":["GET"]}}],"collection":[{"href":"https:\/\/shampooyolli.com\/index.php?rest_route=\/wp\/v2\/pages"}],"about":[{"href":"https:\/\/shampooyolli.com\/index.php?rest_route=\/wp\/v2\/types\/page"}],"author":[{"embeddable":true,"href":"https:\/\/shampooyolli.com\/index.php?rest_route=\/wp\/v2\/users\/1"}],"replies":[{"embeddable":true,"href":"https:\/\/shampooyolli.com\/index.php?rest_route=%2Fwp%2Fv2%2Fcomments&post=65"}],"version-history":[{"count":5,"href":"https:\/\/shampooyolli.com\/index.php?rest_route=\/wp\/v2\/pages\/65\/revisions"}],"predecessor-version":[{"id":80,"href":"https:\/\/shampooyolli.com\/index.php?rest_route=\/wp\/v2\/pages\/65\/revisions\/80"}],"up":[{"embeddable":true,"href":"https:\/\/shampooyolli.com\/index.php?rest_route=\/wp\/v2\/pages\/9"}],"wp:attachment":[{"href":"https:\/\/shampooyolli.com\/index.php?rest_route=%2Fwp%2Fv2%2Fmedia&parent=65"}],"curies":[{"name":"wp","href":"https:\/\/api.w.org\/{rel}","templated":true}]}}