{"id":11,"date":"2025-11-24T19:00:19","date_gmt":"2025-11-24T19:00:19","guid":{"rendered":"https:\/\/shampooyolli.com\/?page_id=11"},"modified":"2025-11-25T19:02:37","modified_gmt":"2025-11-25T19:02:37","slug":"contact","status":"publish","type":"page","link":"https:\/\/shampooyolli.com\/?page_id=11","title":{"rendered":"Distribuidores"},"content":{"rendered":"\n<p><strong>\u00bfQuieres ser distribuidor de Shampoo Yolli?<\/strong><\/p>\n\n\n\n<p>\u00a1Nos encantar\u00eda trabajar contigo!<br>Cont\u00e1ctanos a trav\u00e9s de <strong>WhatsApp<\/strong>:<br>\ud83d\udcf1 <strong>+52 442 281 07 99<\/strong><\/p>\n\n\n\n<p>O escr\u00edbenos por correo electr\u00f3nico:<br>\u2709 <strong>yollishampoo@gmail.com<\/strong><\/p>\n\n\n\n<p><strong>\u00a1\u00danete a nuestra red de distribuidores y lleva la belleza natural a m\u00e1s personas!<\/strong><\/p>\n\n\n\n<p>Porque cuando un producto se vende solo\u2026 es porque funciona. Hecho en Quer\u00e9taro, con manos queretanas \ud83d\udc9a<\/p>\n","protected":false},"excerpt":{"rendered":"<p>\u00bfQuieres ser distribuidor de Shampoo Yolli? \u00a1Nos encantar\u00eda trabajar contigo!Cont\u00e1ctanos a trav\u00e9s de WhatsApp:\ud83d\udcf1 +52 442 281 07 99 O escr\u00edbenos por correo electr\u00f3nico:\u2709 yollishampoo@gmail.com \u00a1\u00danete a nuestra red de distribuidores y lleva la belleza natural a m\u00e1s personas! Porque cuando un producto se vende solo\u2026 es porque funciona. Hecho en Quer\u00e9taro, con manos queretanas &hellip; <\/p>\n<p class=\"link-more\"><a href=\"https:\/\/shampooyolli.com\/?page_id=11\" class=\"more-link\">Continuar leyendo<span class=\"screen-reader-text\"> &#8220;Distribuidores&#8221;<\/span><\/a><\/p>\n","protected":false},"author":1,"featured_media":56,"parent":0,"menu_order":0,"comment_status":"closed","ping_status":"closed","template":"","meta":{"footnotes":""},"class_list":["post-11","page","type-page","status-publish","has-post-thumbnail","hentry"],"yoast_head":"<!-- This site is optimized with the Yoast SEO plugin v26.3 - https:\/\/yoast.com\/wordpress\/plugins\/seo\/ -->\n<title>Distribuidores - Shampoo Yolli<\/title>\n<meta name=\"robots\" content=\"index, follow, max-snippet:-1, max-image-preview:large, max-video-preview:-1\" \/>\n<link rel=\"canonical\" href=\"https:\/\/shampooyolli.com\/?page_id=11\" \/>\n<meta property=\"og:locale\" content=\"es_MX\" \/>\n<meta property=\"og:type\" content=\"article\" \/>\n<meta property=\"og:title\" content=\"Distribuidores - Shampoo Yolli\" \/>\n<meta property=\"og:description\" content=\"\u00bfQuieres ser distribuidor de Shampoo Yolli? \u00a1Nos encantar\u00eda trabajar contigo!Cont\u00e1ctanos a trav\u00e9s de WhatsApp:\ud83d\udcf1 +52 442 281 07 99 O escr\u00edbenos por correo electr\u00f3nico:\u2709 yollishampoo@gmail.com \u00a1\u00danete a nuestra red de distribuidores y lleva la belleza natural a m\u00e1s personas! Porque cuando un producto se vende solo\u2026 es porque funciona. Hecho en Quer\u00e9taro, con manos queretanas &hellip; Continuar leyendo &quot;Distribuidores&quot;\" \/>\n<meta property=\"og:url\" content=\"https:\/\/shampooyolli.com\/?page_id=11\" \/>\n<meta property=\"og:site_name\" content=\"Shampoo Yolli\" \/>\n<meta property=\"article:modified_time\" content=\"2025-11-25T19:02:37+00:00\" \/>\n<meta property=\"og:image\" content=\"https:\/\/shampooyolli.com\/wp-content\/uploads\/2025\/11\/Foto_03.jpg\" \/>\n\t<meta property=\"og:image:width\" content=\"1080\" \/>\n\t<meta property=\"og:image:height\" content=\"1350\" \/>\n\t<meta property=\"og:image:type\" content=\"image\/jpeg\" \/>\n<meta name=\"twitter:card\" content=\"summary_large_image\" \/>\n<meta name=\"twitter:label1\" content=\"Tiempo de lectura\" \/>\n\t<meta name=\"twitter:data1\" content=\"1 minuto\" \/>\n<script type=\"application\/ld+json\" class=\"yoast-schema-graph\">{\"@context\":\"https:\/\/schema.org\",\"@graph\":[{\"@type\":\"WebPage\",\"@id\":\"https:\/\/shampooyolli.com\/?page_id=11\",\"url\":\"https:\/\/shampooyolli.com\/?page_id=11\",\"name\":\"Distribuidores - Shampoo Yolli\",\"isPartOf\":{\"@id\":\"http:\/\/shampooyolli.com\/#website\"},\"primaryImageOfPage\":{\"@id\":\"https:\/\/shampooyolli.com\/?page_id=11#primaryimage\"},\"image\":{\"@id\":\"https:\/\/shampooyolli.com\/?page_id=11#primaryimage\"},\"thumbnailUrl\":\"https:\/\/shampooyolli.com\/wp-content\/uploads\/2025\/11\/Foto_03.jpg\",\"datePublished\":\"2025-11-24T19:00:19+00:00\",\"dateModified\":\"2025-11-25T19:02:37+00:00\",\"breadcrumb\":{\"@id\":\"https:\/\/shampooyolli.com\/?page_id=11#breadcrumb\"},\"inLanguage\":\"es\",\"potentialAction\":[{\"@type\":\"ReadAction\",\"target\":[\"https:\/\/shampooyolli.com\/?page_id=11\"]}]},{\"@type\":\"ImageObject\",\"inLanguage\":\"es\",\"@id\":\"https:\/\/shampooyolli.com\/?page_id=11#primaryimage\",\"url\":\"https:\/\/shampooyolli.com\/wp-content\/uploads\/2025\/11\/Foto_03.jpg\",\"contentUrl\":\"https:\/\/shampooyolli.com\/wp-content\/uploads\/2025\/11\/Foto_03.jpg\",\"width\":1080,\"height\":1350},{\"@type\":\"BreadcrumbList\",\"@id\":\"https:\/\/shampooyolli.com\/?page_id=11#breadcrumb\",\"itemListElement\":[{\"@type\":\"ListItem\",\"position\":1,\"name\":\"Home\",\"item\":\"http:\/\/shampooyolli.com\/\"},{\"@type\":\"ListItem\",\"position\":2,\"name\":\"Distribuidores\"}]},{\"@type\":\"WebSite\",\"@id\":\"http:\/\/shampooyolli.com\/#website\",\"url\":\"http:\/\/shampooyolli.com\/\",\"name\":\"Shampoo Yolli\",\"description\":\"Shampoo para fortalecimiento capilar, elaborado artesanalmente con ingredientes naturales.\",\"publisher\":{\"@id\":\"http:\/\/shampooyolli.com\/#organization\"},\"potentialAction\":[{\"@type\":\"SearchAction\",\"target\":{\"@type\":\"EntryPoint\",\"urlTemplate\":\"http:\/\/shampooyolli.com\/?s={search_term_string}\"},\"query-input\":{\"@type\":\"PropertyValueSpecification\",\"valueRequired\":true,\"valueName\":\"search_term_string\"}}],\"inLanguage\":\"es\"},{\"@type\":\"Organization\",\"@id\":\"http:\/\/shampooyolli.com\/#organization\",\"name\":\"Shampoo Yolli\",\"url\":\"http:\/\/shampooyolli.com\/\",\"logo\":{\"@type\":\"ImageObject\",\"inLanguage\":\"es\",\"@id\":\"http:\/\/shampooyolli.com\/#\/schema\/logo\/image\/\",\"url\":\"https:\/\/shampooyolli.com\/wp-content\/uploads\/2025\/11\/cropped-logo512x512-1-1.jpg\",\"contentUrl\":\"https:\/\/shampooyolli.com\/wp-content\/uploads\/2025\/11\/cropped-logo512x512-1-1.jpg\",\"width\":250,\"height\":250,\"caption\":\"Shampoo Yolli\"},\"image\":{\"@id\":\"http:\/\/shampooyolli.com\/#\/schema\/logo\/image\/\"}}]}<\/script>\n<!-- \/ Yoast SEO plugin. -->","yoast_head_json":{"title":"Distribuidores - Shampoo Yolli","robots":{"index":"index","follow":"follow","max-snippet":"max-snippet:-1","max-image-preview":"max-image-preview:large","max-video-preview":"max-video-preview:-1"},"canonical":"https:\/\/shampooyolli.com\/?page_id=11","og_locale":"es_MX","og_type":"article","og_title":"Distribuidores - Shampoo Yolli","og_description":"\u00bfQuieres ser distribuidor de Shampoo Yolli? \u00a1Nos encantar\u00eda trabajar contigo!Cont\u00e1ctanos a trav\u00e9s de WhatsApp:\ud83d\udcf1 +52 442 281 07 99 O escr\u00edbenos por correo electr\u00f3nico:\u2709 yollishampoo@gmail.com \u00a1\u00danete a nuestra red de distribuidores y lleva la belleza natural a m\u00e1s personas! Porque cuando un producto se vende solo\u2026 es porque funciona. Hecho en Quer\u00e9taro, con manos queretanas &hellip; Continuar leyendo \"Distribuidores\"","og_url":"https:\/\/shampooyolli.com\/?page_id=11","og_site_name":"Shampoo Yolli","article_modified_time":"2025-11-25T19:02:37+00:00","og_image":[{"width":1080,"height":1350,"url":"https:\/\/shampooyolli.com\/wp-content\/uploads\/2025\/11\/Foto_03.jpg","type":"image\/jpeg"}],"twitter_card":"summary_large_image","twitter_misc":{"Tiempo de lectura":"1 minuto"},"schema":{"@context":"https:\/\/schema.org","@graph":[{"@type":"WebPage","@id":"https:\/\/shampooyolli.com\/?page_id=11","url":"https:\/\/shampooyolli.com\/?page_id=11","name":"Distribuidores - Shampoo Yolli","isPartOf":{"@id":"http:\/\/shampooyolli.com\/#website"},"primaryImageOfPage":{"@id":"https:\/\/shampooyolli.com\/?page_id=11#primaryimage"},"image":{"@id":"https:\/\/shampooyolli.com\/?page_id=11#primaryimage"},"thumbnailUrl":"https:\/\/shampooyolli.com\/wp-content\/uploads\/2025\/11\/Foto_03.jpg","datePublished":"2025-11-24T19:00:19+00:00","dateModified":"2025-11-25T19:02:37+00:00","breadcrumb":{"@id":"https:\/\/shampooyolli.com\/?page_id=11#breadcrumb"},"inLanguage":"es","potentialAction":[{"@type":"ReadAction","target":["https:\/\/shampooyolli.com\/?page_id=11"]}]},{"@type":"ImageObject","inLanguage":"es","@id":"https:\/\/shampooyolli.com\/?page_id=11#primaryimage","url":"https:\/\/shampooyolli.com\/wp-content\/uploads\/2025\/11\/Foto_03.jpg","contentUrl":"https:\/\/shampooyolli.com\/wp-content\/uploads\/2025\/11\/Foto_03.jpg","width":1080,"height":1350},{"@type":"BreadcrumbList","@id":"https:\/\/shampooyolli.com\/?page_id=11#breadcrumb","itemListElement":[{"@type":"ListItem","position":1,"name":"Home","item":"http:\/\/shampooyolli.com\/"},{"@type":"ListItem","position":2,"name":"Distribuidores"}]},{"@type":"WebSite","@id":"http:\/\/shampooyolli.com\/#website","url":"http:\/\/shampooyolli.com\/","name":"Shampoo Yolli","description":"Shampoo para fortalecimiento capilar, elaborado artesanalmente con ingredientes naturales.","publisher":{"@id":"http:\/\/shampooyolli.com\/#organization"},"potentialAction":[{"@type":"SearchAction","target":{"@type":"EntryPoint","urlTemplate":"http:\/\/shampooyolli.com\/?s={search_term_string}"},"query-input":{"@type":"PropertyValueSpecification","valueRequired":true,"valueName":"search_term_string"}}],"inLanguage":"es"},{"@type":"Organization","@id":"http:\/\/shampooyolli.com\/#organization","name":"Shampoo Yolli","url":"http:\/\/shampooyolli.com\/","logo":{"@type":"ImageObject","inLanguage":"es","@id":"http:\/\/shampooyolli.com\/#\/schema\/logo\/image\/","url":"https:\/\/shampooyolli.com\/wp-content\/uploads\/2025\/11\/cropped-logo512x512-1-1.jpg","contentUrl":"https:\/\/shampooyolli.com\/wp-content\/uploads\/2025\/11\/cropped-logo512x512-1-1.jpg","width":250,"height":250,"caption":"Shampoo Yolli"},"image":{"@id":"http:\/\/shampooyolli.com\/#\/schema\/logo\/image\/"}}]}},"brizy_media":[],"_links":{"self":[{"href":"https:\/\/shampooyolli.com\/index.php?rest_route=\/wp\/v2\/pages\/11","targetHints":{"allow":["GET"]}}],"collection":[{"href":"https:\/\/shampooyolli.com\/index.php?rest_route=\/wp\/v2\/pages"}],"about":[{"href":"https:\/\/shampooyolli.com\/index.php?rest_route=\/wp\/v2\/types\/page"}],"author":[{"embeddable":true,"href":"https:\/\/shampooyolli.com\/index.php?rest_route=\/wp\/v2\/users\/1"}],"replies":[{"embeddable":true,"href":"https:\/\/shampooyolli.com\/index.php?rest_route=%2Fwp%2Fv2%2Fcomments&post=11"}],"version-history":[{"count":4,"href":"https:\/\/shampooyolli.com\/index.php?rest_route=\/wp\/v2\/pages\/11\/revisions"}],"predecessor-version":[{"id":89,"href":"https:\/\/shampooyolli.com\/index.php?rest_route=\/wp\/v2\/pages\/11\/revisions\/89"}],"wp:featuredmedia":[{"embeddable":true,"href":"https:\/\/shampooyolli.com\/index.php?rest_route=\/wp\/v2\/media\/56"}],"wp:attachment":[{"href":"https:\/\/shampooyolli.com\/index.php?rest_route=%2Fwp%2Fv2%2Fmedia&parent=11"}],"curies":[{"name":"wp","href":"https:\/\/api.w.org\/{rel}","templated":true}]}}