{"id":10,"date":"2025-11-24T19:00:19","date_gmt":"2025-11-24T19:00:19","guid":{"rendered":"https:\/\/shampooyolli.com\/?page_id=10"},"modified":"2025-11-25T19:00:55","modified_gmt":"2025-11-25T19:00:55","slug":"about","status":"publish","type":"page","link":"https:\/\/shampooyolli.com\/?page_id=10","title":{"rendered":"Nosotros"},"content":{"rendered":"\n<p><strong>Somos un emprendimiento familiar ubicado en la ciudad de Quer\u00e9taro, dedicado a la elaboraci\u00f3n y distribuci\u00f3n de nuestro shampoo artesanal Yolli.<\/strong> Cada pieza es creada con cuidado y pasi\u00f3n, utilizando ingredientes naturales que reflejan nuestro compromiso con la calidad y el bienestar capilar. Trabajamos de la mano con distribuidores que comparten nuestra visi\u00f3n de ofrecer productos aut\u00e9nticos y responsables.<\/p>\n\n\n\n<p><\/p>\n","protected":false},"excerpt":{"rendered":"<p>Somos un emprendimiento familiar ubicado en la ciudad de Quer\u00e9taro, dedicado a la elaboraci\u00f3n y distribuci\u00f3n de nuestro shampoo artesanal Yolli. Cada pieza es creada con cuidado y pasi\u00f3n, utilizando ingredientes naturales que reflejan nuestro compromiso con la calidad y el bienestar capilar. Trabajamos de la mano con distribuidores que comparten nuestra visi\u00f3n de ofrecer &hellip; <\/p>\n<p class=\"link-more\"><a href=\"https:\/\/shampooyolli.com\/?page_id=10\" class=\"more-link\">Continuar leyendo<span class=\"screen-reader-text\"> &#8220;Nosotros&#8221;<\/span><\/a><\/p>\n","protected":false},"author":1,"featured_media":55,"parent":0,"menu_order":0,"comment_status":"closed","ping_status":"closed","template":"","meta":{"footnotes":""},"class_list":["post-10","page","type-page","status-publish","has-post-thumbnail","hentry"],"yoast_head":"<!-- This site is optimized with the Yoast SEO plugin v26.3 - https:\/\/yoast.com\/wordpress\/plugins\/seo\/ -->\n<title>Nosotros - Shampoo Yolli<\/title>\n<meta name=\"robots\" content=\"index, follow, max-snippet:-1, max-image-preview:large, max-video-preview:-1\" \/>\n<link rel=\"canonical\" href=\"https:\/\/shampooyolli.com\/?page_id=10\" \/>\n<meta property=\"og:locale\" content=\"es_MX\" \/>\n<meta property=\"og:type\" content=\"article\" \/>\n<meta property=\"og:title\" content=\"Nosotros - Shampoo Yolli\" \/>\n<meta property=\"og:description\" content=\"Somos un emprendimiento familiar ubicado en la ciudad de Quer\u00e9taro, dedicado a la elaboraci\u00f3n y distribuci\u00f3n de nuestro shampoo artesanal Yolli. Cada pieza es creada con cuidado y pasi\u00f3n, utilizando ingredientes naturales que reflejan nuestro compromiso con la calidad y el bienestar capilar. Trabajamos de la mano con distribuidores que comparten nuestra visi\u00f3n de ofrecer &hellip; Continuar leyendo &quot;Nosotros&quot;\" \/>\n<meta property=\"og:url\" content=\"https:\/\/shampooyolli.com\/?page_id=10\" \/>\n<meta property=\"og:site_name\" content=\"Shampoo Yolli\" \/>\n<meta property=\"article:modified_time\" content=\"2025-11-25T19:00:55+00:00\" \/>\n<meta property=\"og:image\" content=\"https:\/\/shampooyolli.com\/wp-content\/uploads\/2025\/11\/Foto_02.png\" \/>\n\t<meta property=\"og:image:width\" content=\"800\" \/>\n\t<meta property=\"og:image:height\" content=\"450\" \/>\n\t<meta property=\"og:image:type\" content=\"image\/png\" \/>\n<meta name=\"twitter:card\" content=\"summary_large_image\" \/>\n<meta name=\"twitter:label1\" content=\"Tiempo de lectura\" \/>\n\t<meta name=\"twitter:data1\" content=\"1 minuto\" \/>\n<script type=\"application\/ld+json\" class=\"yoast-schema-graph\">{\"@context\":\"https:\/\/schema.org\",\"@graph\":[{\"@type\":\"WebPage\",\"@id\":\"https:\/\/shampooyolli.com\/?page_id=10\",\"url\":\"https:\/\/shampooyolli.com\/?page_id=10\",\"name\":\"Nosotros - Shampoo Yolli\",\"isPartOf\":{\"@id\":\"http:\/\/shampooyolli.com\/#website\"},\"primaryImageOfPage\":{\"@id\":\"https:\/\/shampooyolli.com\/?page_id=10#primaryimage\"},\"image\":{\"@id\":\"https:\/\/shampooyolli.com\/?page_id=10#primaryimage\"},\"thumbnailUrl\":\"https:\/\/shampooyolli.com\/wp-content\/uploads\/2025\/11\/Foto_02.png\",\"datePublished\":\"2025-11-24T19:00:19+00:00\",\"dateModified\":\"2025-11-25T19:00:55+00:00\",\"breadcrumb\":{\"@id\":\"https:\/\/shampooyolli.com\/?page_id=10#breadcrumb\"},\"inLanguage\":\"es\",\"potentialAction\":[{\"@type\":\"ReadAction\",\"target\":[\"https:\/\/shampooyolli.com\/?page_id=10\"]}]},{\"@type\":\"ImageObject\",\"inLanguage\":\"es\",\"@id\":\"https:\/\/shampooyolli.com\/?page_id=10#primaryimage\",\"url\":\"https:\/\/shampooyolli.com\/wp-content\/uploads\/2025\/11\/Foto_02.png\",\"contentUrl\":\"https:\/\/shampooyolli.com\/wp-content\/uploads\/2025\/11\/Foto_02.png\",\"width\":800,\"height\":450},{\"@type\":\"BreadcrumbList\",\"@id\":\"https:\/\/shampooyolli.com\/?page_id=10#breadcrumb\",\"itemListElement\":[{\"@type\":\"ListItem\",\"position\":1,\"name\":\"Home\",\"item\":\"http:\/\/shampooyolli.com\/\"},{\"@type\":\"ListItem\",\"position\":2,\"name\":\"Nosotros\"}]},{\"@type\":\"WebSite\",\"@id\":\"http:\/\/shampooyolli.com\/#website\",\"url\":\"http:\/\/shampooyolli.com\/\",\"name\":\"Shampoo Yolli\",\"description\":\"Shampoo para fortalecimiento capilar, elaborado artesanalmente con ingredientes naturales.\",\"publisher\":{\"@id\":\"http:\/\/shampooyolli.com\/#organization\"},\"potentialAction\":[{\"@type\":\"SearchAction\",\"target\":{\"@type\":\"EntryPoint\",\"urlTemplate\":\"http:\/\/shampooyolli.com\/?s={search_term_string}\"},\"query-input\":{\"@type\":\"PropertyValueSpecification\",\"valueRequired\":true,\"valueName\":\"search_term_string\"}}],\"inLanguage\":\"es\"},{\"@type\":\"Organization\",\"@id\":\"http:\/\/shampooyolli.com\/#organization\",\"name\":\"Shampoo Yolli\",\"url\":\"http:\/\/shampooyolli.com\/\",\"logo\":{\"@type\":\"ImageObject\",\"inLanguage\":\"es\",\"@id\":\"http:\/\/shampooyolli.com\/#\/schema\/logo\/image\/\",\"url\":\"https:\/\/shampooyolli.com\/wp-content\/uploads\/2025\/11\/cropped-logo512x512-1-1.jpg\",\"contentUrl\":\"https:\/\/shampooyolli.com\/wp-content\/uploads\/2025\/11\/cropped-logo512x512-1-1.jpg\",\"width\":250,\"height\":250,\"caption\":\"Shampoo Yolli\"},\"image\":{\"@id\":\"http:\/\/shampooyolli.com\/#\/schema\/logo\/image\/\"}}]}<\/script>\n<!-- \/ Yoast SEO plugin. -->","yoast_head_json":{"title":"Nosotros - Shampoo Yolli","robots":{"index":"index","follow":"follow","max-snippet":"max-snippet:-1","max-image-preview":"max-image-preview:large","max-video-preview":"max-video-preview:-1"},"canonical":"https:\/\/shampooyolli.com\/?page_id=10","og_locale":"es_MX","og_type":"article","og_title":"Nosotros - Shampoo Yolli","og_description":"Somos un emprendimiento familiar ubicado en la ciudad de Quer\u00e9taro, dedicado a la elaboraci\u00f3n y distribuci\u00f3n de nuestro shampoo artesanal Yolli. Cada pieza es creada con cuidado y pasi\u00f3n, utilizando ingredientes naturales que reflejan nuestro compromiso con la calidad y el bienestar capilar. Trabajamos de la mano con distribuidores que comparten nuestra visi\u00f3n de ofrecer &hellip; Continuar leyendo \"Nosotros\"","og_url":"https:\/\/shampooyolli.com\/?page_id=10","og_site_name":"Shampoo Yolli","article_modified_time":"2025-11-25T19:00:55+00:00","og_image":[{"width":800,"height":450,"url":"https:\/\/shampooyolli.com\/wp-content\/uploads\/2025\/11\/Foto_02.png","type":"image\/png"}],"twitter_card":"summary_large_image","twitter_misc":{"Tiempo de lectura":"1 minuto"},"schema":{"@context":"https:\/\/schema.org","@graph":[{"@type":"WebPage","@id":"https:\/\/shampooyolli.com\/?page_id=10","url":"https:\/\/shampooyolli.com\/?page_id=10","name":"Nosotros - Shampoo Yolli","isPartOf":{"@id":"http:\/\/shampooyolli.com\/#website"},"primaryImageOfPage":{"@id":"https:\/\/shampooyolli.com\/?page_id=10#primaryimage"},"image":{"@id":"https:\/\/shampooyolli.com\/?page_id=10#primaryimage"},"thumbnailUrl":"https:\/\/shampooyolli.com\/wp-content\/uploads\/2025\/11\/Foto_02.png","datePublished":"2025-11-24T19:00:19+00:00","dateModified":"2025-11-25T19:00:55+00:00","breadcrumb":{"@id":"https:\/\/shampooyolli.com\/?page_id=10#breadcrumb"},"inLanguage":"es","potentialAction":[{"@type":"ReadAction","target":["https:\/\/shampooyolli.com\/?page_id=10"]}]},{"@type":"ImageObject","inLanguage":"es","@id":"https:\/\/shampooyolli.com\/?page_id=10#primaryimage","url":"https:\/\/shampooyolli.com\/wp-content\/uploads\/2025\/11\/Foto_02.png","contentUrl":"https:\/\/shampooyolli.com\/wp-content\/uploads\/2025\/11\/Foto_02.png","width":800,"height":450},{"@type":"BreadcrumbList","@id":"https:\/\/shampooyolli.com\/?page_id=10#breadcrumb","itemListElement":[{"@type":"ListItem","position":1,"name":"Home","item":"http:\/\/shampooyolli.com\/"},{"@type":"ListItem","position":2,"name":"Nosotros"}]},{"@type":"WebSite","@id":"http:\/\/shampooyolli.com\/#website","url":"http:\/\/shampooyolli.com\/","name":"Shampoo Yolli","description":"Shampoo para fortalecimiento capilar, elaborado artesanalmente con ingredientes naturales.","publisher":{"@id":"http:\/\/shampooyolli.com\/#organization"},"potentialAction":[{"@type":"SearchAction","target":{"@type":"EntryPoint","urlTemplate":"http:\/\/shampooyolli.com\/?s={search_term_string}"},"query-input":{"@type":"PropertyValueSpecification","valueRequired":true,"valueName":"search_term_string"}}],"inLanguage":"es"},{"@type":"Organization","@id":"http:\/\/shampooyolli.com\/#organization","name":"Shampoo Yolli","url":"http:\/\/shampooyolli.com\/","logo":{"@type":"ImageObject","inLanguage":"es","@id":"http:\/\/shampooyolli.com\/#\/schema\/logo\/image\/","url":"https:\/\/shampooyolli.com\/wp-content\/uploads\/2025\/11\/cropped-logo512x512-1-1.jpg","contentUrl":"https:\/\/shampooyolli.com\/wp-content\/uploads\/2025\/11\/cropped-logo512x512-1-1.jpg","width":250,"height":250,"caption":"Shampoo Yolli"},"image":{"@id":"http:\/\/shampooyolli.com\/#\/schema\/logo\/image\/"}}]}},"brizy_media":[],"_links":{"self":[{"href":"https:\/\/shampooyolli.com\/index.php?rest_route=\/wp\/v2\/pages\/10","targetHints":{"allow":["GET"]}}],"collection":[{"href":"https:\/\/shampooyolli.com\/index.php?rest_route=\/wp\/v2\/pages"}],"about":[{"href":"https:\/\/shampooyolli.com\/index.php?rest_route=\/wp\/v2\/types\/page"}],"author":[{"embeddable":true,"href":"https:\/\/shampooyolli.com\/index.php?rest_route=\/wp\/v2\/users\/1"}],"replies":[{"embeddable":true,"href":"https:\/\/shampooyolli.com\/index.php?rest_route=%2Fwp%2Fv2%2Fcomments&post=10"}],"version-history":[{"count":4,"href":"https:\/\/shampooyolli.com\/index.php?rest_route=\/wp\/v2\/pages\/10\/revisions"}],"predecessor-version":[{"id":77,"href":"https:\/\/shampooyolli.com\/index.php?rest_route=\/wp\/v2\/pages\/10\/revisions\/77"}],"wp:featuredmedia":[{"embeddable":true,"href":"https:\/\/shampooyolli.com\/index.php?rest_route=\/wp\/v2\/media\/55"}],"wp:attachment":[{"href":"https:\/\/shampooyolli.com\/index.php?rest_route=%2Fwp%2Fv2%2Fmedia&parent=10"}],"curies":[{"name":"wp","href":"https:\/\/api.w.org\/{rel}","templated":true}]}}